{"id":654,"date":"2025-01-15T01:01:45","date_gmt":"2025-01-15T04:01:45","guid":{"rendered":"https:\/\/viveremcrescimento.com.br\/?page_id=654"},"modified":"2025-02-11T14:17:33","modified_gmt":"2025-02-11T17:17:33","slug":"extratotermodefomento2023","status":"publish","type":"page","link":"https:\/\/viveremcrescimento.com.br\/index.php\/extratotermodefomento2023\/","title":{"rendered":"Extrato&#038;TermoDeFomento2023"},"content":{"rendered":"\t\t<div data-elementor-type=\"wp-page\" data-elementor-id=\"654\" class=\"elementor elementor-654\" data-elementor-settings=\"[]\">\n\t\t\t\t\t\t\t<div class=\"elementor-section-wrap\">\n\t\t\t\t\t\t\t<section class=\"elementor-section elementor-top-section elementor-element elementor-element-cbdc60c elementor-section-height-min-height elementor-section-boxed elementor-section-height-default elementor-section-items-middle\" data-id=\"cbdc60c\" data-element_type=\"section\" data-settings=\"{&quot;background_background&quot;:&quot;classic&quot;}\">\n\t\t\t\t\t\t<div class=\"elementor-container elementor-column-gap-default\">\n\t\t\t\t\t<div class=\"elementor-column elementor-col-100 elementor-top-column elementor-element elementor-element-3452089\" data-id=\"3452089\" data-element_type=\"column\">\n\t\t\t<div class=\"elementor-widget-wrap elementor-element-populated\">\n\t\t\t\t\t\t\t\t<div class=\"elementor-element elementor-element-cd9e622 elementor-widget elementor-widget-html\" data-id=\"cd9e622\" data-element_type=\"widget\" data-widget_type=\"html.default\">\n\t\t\t\t<div class=\"elementor-widget-container\">\n\t\t\t<meta name=\"viewport\" content=\"width=device-width, initial-scale=1.0\">\r\n\r\n<!-- Menu Horizontal -->\r\n\r\n    <div style=\"background-color:  transparent; margin-top: 30px;\">\r\n        <nav style =\"display: flex; justify-content: space-between; align-items: center; position: relative; padding: 10px;\">\r\n            \r\n             <!-- Logo (Imagem Redonda) -->\r\n             \r\n       <img decoding=\"async\" src=\"https:\/\/viveremcrescimento.com.br\/wp-content\/uploads\/2025\/01\/vec.jpg\" alt=\"Logo\" style=\"border-radius: 50%; width: 120px; height: 120px\">\r\n            \r\n              <!-- Bot\u00e3o de Toggle para Mobile -->\r\n       <button id=\"menu-toggle\" style=\"background-color: transparent ; margin-top: 60px; border: none; color: white; font-size: 40px; cursor: pointer; \r\n      \">\r\n        <i class=\"fa-solid fa-bars\"><\/i><!-- \u00cdcone do menu hamburger -->\r\n        <span style=\"font-size: 16px; margin-top: 5px; display: block;\">Menu<\/span>\r\n        <\/button>\r\n        \r\n         <!-- Links do Menu -->\r\n         \r\n    <div id=\"menu-links\" style=\"display: flex; justify-content: center;\">\r\n        <a href=\"https:\/\/viveremcrescimento.com.br\/index.php\/\" class=\"menu-item\" style=\"color: white; padding: 10px; text-decoration: none;\">Home<\/a>\r\n        \r\n        <a href=\"https:\/\/viveremcrescimento.com.br\/index.php\/\" class=\"menu-item\" style=\"color: white; padding: 10px; text-decoration: none;\">Nossa Hist\u00f3ria<\/a>\r\n        \r\n         <a href=\"https:\/\/viveremcrescimento.com.br\/index.php\/\" class=\"menu-item\" style=\"color: white; padding: 10px; text-decoration: none;\">Cursos<\/a>\r\n        \r\n         <a href=\" https:\/\/viveremcrescimento.com.br\/index.php\/\" class=\"menu-item\" style=\"color: white; padding: 10px; text-decoration: none;\">Formaturas<\/a>\r\n        \r\n         <a href=\" https:\/\/viveremcrescimento.com.br\/index.php\/\" class=\"menu-item\" style=\"color: white; padding: 10px; text-decoration: none;\">Galeria<\/a>\r\n        \r\n        <a href=\"https:\/\/viveremcrescimento.com.br\/index.php\/pagina-doe\/\" class=\"menu-item\" style=\"color: white; padding: 10px; text-decoration: none;\">Doe<\/a>\r\n        \r\n        <a href=\"https:\/\/viveremcrescimento.com.br\/index.php\/\" class=\"menu-item\" style=\"color: white; padding: 10px; text-decoration: none;\">Contato<\/a>\r\n        \r\n        <a href=\"https:\/\/viveremcrescimento.com.br\/index.php\/pagina-transparencia\/\" class=\"menu-item\" style=\"color: white; padding: 10px; text-decoration: none;\">Transpar\u00eancia<\/a>\r\n      \r\n        <\/div>\r\n         \r\n         \r\n         <!-- Barra de Pesquisa -->\r\n         \r\n        <div class=\"div-bar-lupa\" style=\"display: inline-block; display: flex ;\">\r\n            <input id=\"search-bar\" type=\"text\"  placeholder=\"Buscar...\" >\r\n            <button class=\"button\"\r\n                id=\"search-btn\" \r\n                style=\"\">\r\n        <i class=\"fa-solid fa-magnifying-glass fa-2x\"><\/i> <!-- \u00cdcone da Font Awesome -->\r\n            <\/button>\r\n       <\/div>\r\n          \r\n        \r\n        <\/nav>\r\n        \r\n      <!-- Menu Off-Canvas -->\r\n           \r\n    <div id=\"menu-offcanvas\" style=\"\r\n        \r\n    \">\r\n        <a href=\"https:\/\/viveremcrescimento.com.br\/index.php\/\" style=\"color: white; text-decoration: none; display: block; margin-bottom: 20px; padding: 10px 0; border-bottom: 1px solid rgba(255, 255, 255, 0.3);\">Home<\/a>\r\n        \r\n        <a href=\"https:\/\/viveremcrescimento.com.br\/index.php\/\" style=\"color: white; text-decoration: none; display: block; margin-bottom: 20px; padding: 10px 0; border-bottom: 1px solid rgba(255, 255, 255, 0.3);\">Nossa Hist\u00f3ria<\/a>\r\n        \r\n        <a href=\"https:\/\/viveremcrescimento.com.br\/index.php\/\" style=\"color: white; text-decoration: none; display: block; margin-bottom: 20px; padding: 10px 0; border-bottom: 1px solid rgba(255, 255, 255, 0.3);\">Cursos<\/a>\r\n         <a href=\"https:\/\/viveremcrescimento.com.br\/index.php\/\" style=\"color: white; text-decoration: none; display: block; margin-bottom: 20px; padding: 10px 0; border-bottom: 1px solid rgba(255, 255, 255, 0.3);\">Formaturas<\/a>\r\n         \r\n          <a href=\"https:\/\/viveremcrescimento.com.br\/index.php\/\" style=\"color: white; text-decoration: none; display: block; margin-bottom: 20px; padding: 10px 0; border-bottom: 1px solid rgba(255, 255, 255, 0.3);\">Galeria<\/a>\r\n        \r\n        <a href=\"https:\/\/viveremcrescimento.com.br\/index.php\/pagina-doe\/\" class=\"hover-grow\" style=\"color: white; text-decoration: none; display: block; margin-bottom: 20px; padding: 10px 0; border-bottom: 1px solid rgba(255, 255, 255, 0.3);\">Doe<\/a>\r\n        \r\n        \r\n        <a href=\"https:\/\/viveremcrescimento.com.br\/index.php\/\" style=\"color: white; text-decoration: none; display: block; margin-bottom: 20px; padding: 10px 0; border-bottom: 1px solid rgba(255, 255, 255, 0.3);\">Contato<\/a>\r\n        \r\n         <a href=\"https:\/\/viveremcrescimento.com.br\/index.php\/pagina-transparencia\/\" style=\"color: white; text-decoration: none; display: block; margin-bottom: 20px; padding: 10px 0; border-bottom: 1px solid rgba(255, 255, 255, 0.3);\">Transpar\u00eancia<\/a>\r\n        \r\n      \r\n        \r\n        <button id=\"menu-close\" style=\"\r\n            background-color: transparent;\r\n            border: none;\r\n            color: white;\r\n            font-size: 20px;\r\n            cursor: pointer;\r\n            margin-top: 20px;\r\n            \r\n        \">Fechar<\/button>\r\n    <\/div>\r\n<\/div>\r\n\r\n<script>\r\n    \/\/ Expande ou realiza a busca ao clicar na lupa\r\n    document.getElementById('search-btn').addEventListener('click', function () {\r\n        const searchBar = document.getElementById('search-bar');\r\n        if (searchBar.style.width === '250px') {\r\n            \/\/ Realiza a busca ou retrai a barra\r\n            const query = searchBar.value.trim();\r\n            if (query) {\r\n                performGoogleSearch(query);\r\n            } else {\r\n                resetSearchBar(); \/\/ Retrai a barra se n\u00e3o houver texto\r\n            }\r\n        } else {\r\n            \/\/ Expande o campo de busca\r\n            searchBar.style.width = '250px';\r\n            searchBar.style.padding = '6px';\r\n            searchBar.focus(); \/\/ Foco no campo\r\n        }\r\n    });\r\n\r\n    \/\/ Realiza a pesquisa no Google\r\n    function performGoogleSearch(query) {\r\n        const googleUrl = `https:\/\/www.google.com\/search?q=${encodeURIComponent(query)}`;\r\n        window.location.href = googleUrl; \/\/ Redireciona para a busca no Google\r\n\r\n        \/\/ Reseta a barra ap\u00f3s a busca\r\n        resetSearchBar();\r\n    }\r\n\r\n    \/\/ Tamb\u00e9m realiza a busca ao pressionar Enter\r\n    document.getElementById('search-bar').addEventListener('keypress', function (event) {\r\n        if (event.key === 'Enter') {\r\n            const query = event.target.value.trim();\r\n            if (query) {\r\n                performGoogleSearch(query);\r\n            } else {\r\n                resetSearchBar(); \/\/ Retrai a barra se pressionar Enter sem texto\r\n            }\r\n        }\r\n    });\r\n\r\n    \/\/ Reseta o estilo da barra\r\n    function resetSearchBar() {\r\n        const searchBar = document.getElementById('search-bar');\r\n        searchBar.style.width = '';\r\n        searchBar.style.padding = '';\r\n        searchBar.value = ''; \/\/ Limpa o valor da barra\r\n    }\r\n<\/script>\r\n    \r\n    <!-- Script para Toggle -->\r\n<script>\r\n    document.getElementById('menu-toggle').addEventListener('click', function () {\r\n        const menu = document.getElementById('menu-offcanvas');\r\n        menu.style.right = '0'; \/\/ Move o menu para a tela\r\n    });\r\n\r\n    document.getElementById('menu-close').addEventListener('click', function () {\r\n        const menu = document.getElementById('menu-offcanvas');\r\n        menu.style.right = '-300px'; \/\/ Esconde o menu fora da tela\r\n    });\r\n<\/script>\r\n  \r\n   \r\n    \r\n    \r\n<style>\r\n\r\n\r\n    nav a {\r\n        text-decoration: none;\r\n        position: relative;\r\n    }\r\n\r\n    \/* Efeito ao passar o mouse *\/\r\n    nav a::after {\r\n        content: '';\r\n        position: absolute;\r\n        left: 0;\r\n        bottom: 0;\r\n        width: 0;\r\n        height: 2px;\r\n        background-color: white; \/* Cor da listra *\/\r\n        transition: width 0.3s ease-in-out; \/* Anima\u00e7\u00e3o suave *\/\r\n    }\r\n\r\n    nav a:hover::after {\r\n        width: 100%; \/* Preenche toda a largura do link *\/\r\n    }\r\n    \r\n    \r\n    \r\n    \r\n\/* Estilo geral para os links do menu *\/\r\n.menu-item {\r\n    color: white;\r\n    padding: 10px;\r\n    text-decoration: none;\r\n    font-size: 23px; \/* Aumenta o tamanho da fonte *\/\r\n    margin-left: 15px; \/* Espa\u00e7o entre os itens *\/\r\n    transition: font-size 0.3s ease; \/* Efeito suave ao alterar o tamanho da fonte *\/\r\n}\r\n\r\n\/* Alterando o tamanho da fonte quando o link \u00e9 hover *\/\r\n.menu-item:hover {\r\n    font-size: 20px; \/* Aumenta um pouco mais no hover *\/\r\n}\r\n\r\n    \r\n\/* Estilo inicial para a barra de pesquisa *\/\r\n#search-bar {\r\n    width: 0;\r\n    padding: 0;\r\n    height: 50px;\r\n    font-size: 12px;\r\n    border-radius: 38px;\r\n    border: none;\r\n    margin-left: 10px;\r\n    transition: width 0.5s ease-in-out;\r\n    overflow: hidden;\r\n   \r\n}\r\n\r\n\r\n\/* botao da barra de pesquisa*\/\r\n#search-btn{\r\n     background-color: transparent; \r\n     color: white; \r\n     padding: 6px 10px; \r\n     border-radius: 28px;\r\n     border:none;\r\n     cursor: pointer; \r\n     display: inline-block; \r\n     font-size: 18px; \/* Ajusta o tamanho do \u00edcone *\/\r\n     margin-right: 100px;\r\n}\r\n\r\n#search-btn{\r\n    transition: transform 0.3s ease; \/* Transi\u00e7\u00e3o suave para o efeito de crescimento *\/\r\n}\r\n    \r\n#search-btn:hover i {\r\n    transform: scale(1.2); \/* Aumenta o tamanho do \u00edcone para 120% *\/\r\n}    \r\n    \r\n\/* Estilos para telas grandes (desktop) *\/\r\n#menu-toggle {\r\n    display: none; \/* Esconde o bot\u00e3o de toggle em telas grandes *\/\r\n}\r\n\r\n\/* Estilos para o menu-offcanvas *\/\r\n\r\n#menu-offcanvas{\r\n    position: fixed;\r\n    top: 0;\r\n    right: -300px; \/* Menu come\u00e7a fora da tela *\/\r\n    width: 300px;\r\n    height: 100%;\r\n    background-color: #099E7B;\r\n    color: white;\r\n    padding: 20px;\r\n    box-shadow: -3px 0 5px rgba(0, 0, 0, 0.5);\r\n    transition: right 0.3s ease-in-out; \/* Anima\u00e7\u00e3o suave *\/\r\n    z-index: 9999;\r\n}\r\n\r\n        \r\n\/* Estilos para telas pequenas *\/\r\n@media (max-width: 767px) {\r\n    \r\n    .div-bar-lupa {\r\n     display: none !important; \/* !important for\u00e7a a regra *\/\r\n    }\r\n    \r\n    #menu-links {\r\n        display: none; \/* Esconde o menu em telas pequenas *\/\r\n        flex-direction: column; \/* Organiza os links em coluna *\/\r\n        width: 100%;\r\n    }\r\n\r\n    #menu-links a {\r\n        padding: 15px;\r\n        width: 100%;\r\n        text-align: center;\r\n        color: white;\r\n        display: none;\r\n    }\r\n    \r\n    \r\n    \r\n   \r\n\r\n  \/* Exibe o bot\u00e3o de toggle em telas pequenas *\/\r\n    #menu-toggle {\r\n        display: block; \/* Mostra o menu hamburger *\/\r\n        background-color: transparent;\r\n        color: white;\r\n        font-size: 30px;\r\n        cursor: pointer;\r\n        border: none;\r\n        padding: 10px;\r\n        border-radius: 10px;\r\n        position: absolute;\r\n        top: -20px;\r\n        right: 10px;\r\n    }\r\n    \r\n   \/* Efeito de hover grow *\/\r\n.hover-grow {\r\n    transition: transform 0.3s ease, color 0.3s ease; \/* Transi\u00e7\u00f5es suaves *\/\r\n}\r\n\r\n.hover-grow:hover {\r\n    transform: scale(1.1); \/* Aumenta o tamanho em 10% *\/\r\n    color: #FFD700; \/* Muda a cor para dourado no hover *\/\r\n}\r\n \r\n    \r\n}\r\n\r\n\/* Configs para celular*\/\r\n\r\n \/* Exibir a barra de pesquisa em tablets *\/\r\n    @media (min-width: 768px) and (max-width: 1024px) {\r\n        \r\n        .fa-magnifying-glass {margin-right: 150px;}\r\n        \r\n        .div-bar-lupa {\r\n            display: flex; !important; \/* !important for\u00e7a a regra *\/\r\n        }\r\n        \r\n\/* Exibe o bot\u00e3o de toggle em telas pequenas *\/\r\n    #menu-toggle {\r\n        display: block; \/* Mostra o menu hamburger *\/\r\n        background-color: transparent;\r\n        color: white;\r\n        font-size: 30px;\r\n        cursor: pointer;\r\n        border: none;\r\n        padding: 10px;\r\n        border-radius: 10px;\r\n        position: absolute;\r\n        top: -80px;\r\n        right: 10px;\r\n    }\r\n    \r\n     #menu-links {\r\n        display: none; \/* Esconde o menu em telas pequenas *\/\r\n        flex-direction: column; \/* Organiza os links em coluna *\/\r\n        width: 100%;\r\n    }\r\n\r\n    #menu-links a {\r\n        padding: 15px;\r\n        width: 100%;\r\n        text-align: center;\r\n        color: white;\r\n        display: none;\r\n    }\r\n    \r\n    \/* Efeito de hover grow *\/\r\n.hover-grow {\r\n    transition: transform 0.3s ease, color 0.3s ease; \/* Transi\u00e7\u00f5es suaves *\/\r\n}\r\n\r\n.hover-grow:hover {\r\n    transform: scale(1.1); \/* Aumenta o tamanho em 10% *\/\r\n    color: #FFD700; \/* Muda a cor para dourado no hover *\/\r\n}\r\n   \r\n    }\r\n    \r\n    \r\n        \r\n\r\n    \r\n<\/style>\r\n<link href=\"https:\/\/cdnjs.cloudflare.com\/ajax\/libs\/font-awesome\/6.0.0-beta3\/css\/all.min.css\" rel=\"stylesheet\">\t\t<\/div>\n\t\t\t\t<\/div>\n\t\t\t\t\t<\/div>\n\t\t<\/div>\n\t\t\t\t\t\t\t<\/div>\n\t\t<\/section>\n\t\t\t\t<section class=\"elementor-section elementor-top-section elementor-element elementor-element-a616123 elementor-section-height-min-height elementor-section-boxed elementor-section-height-default elementor-section-items-middle\" data-id=\"a616123\" data-element_type=\"section\">\n\t\t\t\t\t\t<div class=\"elementor-container elementor-column-gap-default\">\n\t\t\t\t\t<div class=\"elementor-column elementor-col-100 elementor-top-column elementor-element elementor-element-5d5626a\" data-id=\"5d5626a\" data-element_type=\"column\">\n\t\t\t<div class=\"elementor-widget-wrap elementor-element-populated\">\n\t\t\t\t\t\t\t\t<div class=\"elementor-element elementor-element-781dd49 elementor-widget elementor-widget-heading\" data-id=\"781dd49\" data-element_type=\"widget\" data-widget_type=\"heading.default\">\n\t\t\t\t<div class=\"elementor-widget-container\">\n\t\t\t<h2 class=\"elementor-heading-title elementor-size-large\">Ano de 2023<\/h2>\t\t<\/div>\n\t\t\t\t<\/div>\n\t\t\t\t<div class=\"elementor-element elementor-element-65c172d elementor-widget elementor-widget-text-editor\" data-id=\"65c172d\" data-element_type=\"widget\" data-widget_type=\"text-editor.default\">\n\t\t\t\t<div class=\"elementor-widget-container\">\n\t\t\t\t\t\t\t<p><strong><span style=\"color: #25ba97;\">Objeto do instrumento : 948713\/2023\u00a0<\/span><\/strong><\/p><p><span style=\"color: #25ba97;\">Qualificar mulheres de comunidades carentes com o curso Cuidador de Idosos no Munic\u00edpio do Rio de Janeiro<\/span><\/p><p><strong><span style=\"color: #25ba97;\">Instrumento n\u00ba: 948713\/2023 <\/span><\/strong><\/p><p><span style=\"color: #25ba97; background-color: var(--wp--preset--color--background); font-family: var(--wp--preset--font-family--system-font); font-size: var(--wp--preset--font-size--medium);\">Valor total da Parceria R$173.023,00\u00a0 <\/span><\/p><p><span style=\"color: #25ba97; background-color: var(--wp--preset--color--background); font-family: var(--wp--preset--font-family--system-font); font-size: var(--wp--preset--font-size--medium);\">Valor total pago a equipe de trabalho: R$133.203,00\u00a0 \u00a0 \u00a0 <\/span><\/p><p><span style=\"color: #25ba97; background-color: var(--wp--preset--color--background); font-family: var(--wp--preset--font-family--system-font); font-size: var(--wp--preset--font-size--medium);\">Fun\u00e7\u00f5es desempenhadas pela equipe de trabalho: coordenador geral, coordenador auxiliar n\u00edvel 1, coordenador auxiliar n\u00edvel 2, monitor (4), professor (4), contador, terapeuta, office boy e servi\u00e7o de recrutamento, sele\u00e7\u00e3o e admiss\u00e3o (presta\u00e7\u00e3o de servi\u00e7o administrativo &#8211; Recursos Humanos)<\/span><\/p><p><span style=\"color: #25ba97;\">Remunera\u00e7\u00e3o prevista para o respectivo exerc\u00edcio: R$133.203,00.<\/span><\/p><p><a href=\"https:\/\/viveremcrescimento.com.br\/wp-content\/uploads\/2025\/01\/Termo_de_Fomento-948713-2023-PDF.pdf\"><span style=\"color: #25ba97;\">Termo de Fomento N: 948713\/2023 &#8211; <strong>07\/12\/2023<\/strong><\/span><\/a><\/p><p><a href=\"https:\/\/viveremcrescimento.com.br\/wp-content\/uploads\/2025\/01\/DOU_-Termo-de-Fomento_9487132023_ONG-Viver-em-Crescimento-2023.pdf\"><span style=\"color: #25ba97;\">Publica\u00e7\u00e3o em Di\u00e1rio Oficial da Uni\u00e3o &#8211; Extrato de Termo de Fomento &#8211; <strong>21\/11\/2023<\/strong><\/span><\/a><\/p><p><a href=\"https:\/\/viveremcrescimento.com.br\/wp-content\/uploads\/2025\/02\/C.E-Ano-2023.pdf_Processo.pdf\"><span style=\"color: #25ba97;\">Hist\u00f3rico de Emenda 2023<\/span><\/a><\/p>\t\t\t\t\t\t<\/div>\n\t\t\t\t<\/div>\n\t\t\t\t\t<\/div>\n\t\t<\/div>\n\t\t\t\t\t\t\t<\/div>\n\t\t<\/section>\n\t\t\t\t<section class=\"elementor-section elementor-top-section elementor-element elementor-element-7f41f8d elementor-section-full_width elementor-section-height-min-height elementor-section-height-default elementor-section-items-middle\" data-id=\"7f41f8d\" data-element_type=\"section\" data-settings=\"{&quot;background_background&quot;:&quot;classic&quot;}\">\n\t\t\t\t\t\t<div class=\"elementor-container elementor-column-gap-default\">\n\t\t\t\t\t<div class=\"elementor-column elementor-col-100 elementor-top-column elementor-element elementor-element-5dfcdca\" data-id=\"5dfcdca\" data-element_type=\"column\">\n\t\t\t<div class=\"elementor-widget-wrap elementor-element-populated\">\n\t\t\t\t\t\t\t\t<div class=\"elementor-element elementor-element-5b430b6 elementor-widget elementor-widget-text-editor\" data-id=\"5b430b6\" data-element_type=\"widget\" data-widget_type=\"text-editor.default\">\n\t\t\t\t<div class=\"elementor-widget-container\">\n\t\t\t\t\t\t\t<p>2022 &#8211; Todos os direitos reservados<\/p>\t\t\t\t\t\t<\/div>\n\t\t\t\t<\/div>\n\t\t\t\t\t<\/div>\n\t\t<\/div>\n\t\t\t\t\t\t\t<\/div>\n\t\t<\/section>\n\t\t\t\t\t\t<\/div>\n\t\t\t\t\t<\/div>\n\t\t","protected":false},"excerpt":{"rendered":"<p>Menu Home Nossa Hist\u00f3ria Cursos Formaturas Galeria Doe Contato Transpar\u00eancia Home Nossa Hist\u00f3ria Cursos Formaturas Galeria Doe Contato Transpar\u00eancia Fechar Ano de 2023 Objeto do instrumento : 948713\/2023\u00a0 Qualificar mulheres de comunidades carentes com o curso Cuidador de Idosos no Munic\u00edpio do Rio de Janeiro Instrumento n\u00ba: 948713\/2023 Valor total da Parceria R$173.023,00\u00a0 Valor total [&hellip;]<\/p>\n","protected":false},"author":1,"featured_media":0,"parent":0,"menu_order":0,"comment_status":"closed","ping_status":"closed","template":"elementor_canvas","meta":{"footnotes":""},"class_list":["post-654","page","type-page","status-publish","hentry"],"_links":{"self":[{"href":"https:\/\/viveremcrescimento.com.br\/index.php\/wp-json\/wp\/v2\/pages\/654","targetHints":{"allow":["GET"]}}],"collection":[{"href":"https:\/\/viveremcrescimento.com.br\/index.php\/wp-json\/wp\/v2\/pages"}],"about":[{"href":"https:\/\/viveremcrescimento.com.br\/index.php\/wp-json\/wp\/v2\/types\/page"}],"author":[{"embeddable":true,"href":"https:\/\/viveremcrescimento.com.br\/index.php\/wp-json\/wp\/v2\/users\/1"}],"replies":[{"embeddable":true,"href":"https:\/\/viveremcrescimento.com.br\/index.php\/wp-json\/wp\/v2\/comments?post=654"}],"version-history":[{"count":49,"href":"https:\/\/viveremcrescimento.com.br\/index.php\/wp-json\/wp\/v2\/pages\/654\/revisions"}],"predecessor-version":[{"id":1504,"href":"https:\/\/viveremcrescimento.com.br\/index.php\/wp-json\/wp\/v2\/pages\/654\/revisions\/1504"}],"wp:attachment":[{"href":"https:\/\/viveremcrescimento.com.br\/index.php\/wp-json\/wp\/v2\/media?parent=654"}],"curies":[{"name":"wp","href":"https:\/\/api.w.org\/{rel}","templated":true}]}}